{"id":97,"date":"2019-04-26T14:33:57","date_gmt":"2019-04-26T12:33:57","guid":{"rendered":"https:\/\/www.benjaminsimier.com\/?page_id=97"},"modified":"2019-04-26T15:59:13","modified_gmt":"2019-04-26T13:59:13","slug":"contact","status":"publish","type":"page","link":"https:\/\/www.benjaminsimier.com\/en\/contact\/","title":{"rendered":"Contact"},"content":{"rendered":"","protected":false},"excerpt":{"rendered":"","protected":false},"author":1,"featured_media":0,"parent":0,"menu_order":0,"comment_status":"closed","ping_status":"closed","template":"","meta":[],"acf":[],"yoast_head":"<!-- This site is optimized with the Yoast SEO Premium plugin v18.8 (Yoast SEO v20.1) - https:\/\/yoast.com\/wordpress\/plugins\/seo\/ -->\n<title>Contact - Benjamin Simier<\/title>\n<meta name=\"description\" content=\"Dipl\u00f4m\u00e9 d&#039;un master en informatique et marketing, je suis d\u00e9veloppeur front-end et UI\/UX designer \u00e0 Brest (France). Je suis disponible en France et l&#039;\u00e9tranger pour concevoir vos sites internet.\" \/>\n<meta name=\"robots\" content=\"index, follow, max-snippet:-1, max-image-preview:large, max-video-preview:-1\" \/>\n<link rel=\"canonical\" href=\"https:\/\/www.benjaminsimier.com\/en\/contact\/\" \/>\n<meta property=\"og:locale\" content=\"en_US\" \/>\n<meta property=\"og:type\" content=\"article\" \/>\n<meta property=\"og:title\" content=\"Contact\" \/>\n<meta property=\"og:description\" content=\"Dipl\u00f4m\u00e9 d&#039;un master en informatique et marketing, je suis d\u00e9veloppeur front-end et UI\/UX designer \u00e0 Brest (France). Je suis disponible en France et l&#039;\u00e9tranger pour concevoir vos sites internet.\" \/>\n<meta property=\"og:url\" content=\"https:\/\/www.benjaminsimier.com\/en\/contact\/\" \/>\n<meta property=\"og:site_name\" content=\"Benjamin Simier\" \/>\n<meta property=\"article:publisher\" content=\"https:\/\/www.facebook.com\/BSimierWeb\" \/>\n<meta property=\"article:modified_time\" content=\"2019-04-26T13:59:13+00:00\" \/>\n<meta name=\"twitter:card\" content=\"summary_large_image\" \/>\n<script type=\"application\/ld+json\" class=\"yoast-schema-graph\">{\"@context\":\"https:\/\/schema.org\",\"@graph\":[{\"@type\":\"WebPage\",\"@id\":\"https:\/\/www.benjaminsimier.com\/en\/contact\/\",\"url\":\"https:\/\/www.benjaminsimier.com\/en\/contact\/\",\"name\":\"Contact - Benjamin Simier\",\"isPartOf\":{\"@id\":\"https:\/\/www.benjaminsimier.com\/#website\"},\"datePublished\":\"2019-04-26T12:33:57+00:00\",\"dateModified\":\"2019-04-26T13:59:13+00:00\",\"description\":\"Dipl\u00f4m\u00e9 d'un master en informatique et marketing, je suis d\u00e9veloppeur front-end et UI\/UX designer \u00e0 Brest (France). Je suis disponible en France et l'\u00e9tranger pour concevoir vos sites internet.\",\"breadcrumb\":{\"@id\":\"https:\/\/www.benjaminsimier.com\/en\/contact\/#breadcrumb\"},\"inLanguage\":\"en-US\",\"potentialAction\":[{\"@type\":\"ReadAction\",\"target\":[\"https:\/\/www.benjaminsimier.com\/en\/contact\/\"]}]},{\"@type\":\"BreadcrumbList\",\"@id\":\"https:\/\/www.benjaminsimier.com\/en\/contact\/#breadcrumb\",\"itemListElement\":[{\"@type\":\"ListItem\",\"position\":1,\"name\":\"Accueil\",\"item\":\"https:\/\/www.benjaminsimier.com\/en\/home\/\"},{\"@type\":\"ListItem\",\"position\":2,\"name\":\"Contact\"}]},{\"@type\":\"WebSite\",\"@id\":\"https:\/\/www.benjaminsimier.com\/#website\",\"url\":\"https:\/\/www.benjaminsimier.com\/\",\"name\":\"Benjamin Simier\",\"description\":\"UI\/UX designer &amp; d\u00e9veloppeur front-end\",\"publisher\":{\"@id\":\"https:\/\/www.benjaminsimier.com\/#\/schema\/person\/b4ace0b846b0758fc397e877fc2bb086\"},\"potentialAction\":[{\"@type\":\"SearchAction\",\"target\":{\"@type\":\"EntryPoint\",\"urlTemplate\":\"https:\/\/www.benjaminsimier.com\/?s={search_term_string}\"},\"query-input\":\"required name=search_term_string\"}],\"inLanguage\":\"en-US\"},{\"@type\":[\"Person\",\"Organization\"],\"@id\":\"https:\/\/www.benjaminsimier.com\/#\/schema\/person\/b4ace0b846b0758fc397e877fc2bb086\",\"name\":\"Benjamin Simier\",\"image\":{\"@type\":\"ImageObject\",\"inLanguage\":\"en-US\",\"@id\":\"https:\/\/www.benjaminsimier.com\/#\/schema\/person\/image\/\",\"url\":\"https:\/\/www.benjaminsimier.com\/wp-content\/uploads\/2022\/05\/Perso_4.jpeg\",\"contentUrl\":\"https:\/\/www.benjaminsimier.com\/wp-content\/uploads\/2022\/05\/Perso_4.jpeg\",\"width\":872,\"height\":1200,\"caption\":\"Benjamin Simier\"},\"logo\":{\"@id\":\"https:\/\/www.benjaminsimier.com\/#\/schema\/person\/image\/\"},\"sameAs\":[\"https:\/\/www.facebook.com\/BSimierWeb\",\"https:\/\/www.instagram.com\/benjamin_simier\/\",\"https:\/\/www.linkedin.com\/in\/benjaminsimier\/\"]}]}<\/script>\n<!-- \/ Yoast SEO Premium plugin. -->","yoast_head_json":{"title":"Contact - Benjamin Simier","description":"Dipl\u00f4m\u00e9 d'un master en informatique et marketing, je suis d\u00e9veloppeur front-end et UI\/UX designer \u00e0 Brest (France). Je suis disponible en France et l'\u00e9tranger pour concevoir vos sites internet.","robots":{"index":"index","follow":"follow","max-snippet":"max-snippet:-1","max-image-preview":"max-image-preview:large","max-video-preview":"max-video-preview:-1"},"canonical":"https:\/\/www.benjaminsimier.com\/en\/contact\/","og_locale":"en_US","og_type":"article","og_title":"Contact","og_description":"Dipl\u00f4m\u00e9 d'un master en informatique et marketing, je suis d\u00e9veloppeur front-end et UI\/UX designer \u00e0 Brest (France). Je suis disponible en France et l'\u00e9tranger pour concevoir vos sites internet.","og_url":"https:\/\/www.benjaminsimier.com\/en\/contact\/","og_site_name":"Benjamin Simier","article_publisher":"https:\/\/www.facebook.com\/BSimierWeb","article_modified_time":"2019-04-26T13:59:13+00:00","twitter_card":"summary_large_image","schema":{"@context":"https:\/\/schema.org","@graph":[{"@type":"WebPage","@id":"https:\/\/www.benjaminsimier.com\/en\/contact\/","url":"https:\/\/www.benjaminsimier.com\/en\/contact\/","name":"Contact - Benjamin Simier","isPartOf":{"@id":"https:\/\/www.benjaminsimier.com\/#website"},"datePublished":"2019-04-26T12:33:57+00:00","dateModified":"2019-04-26T13:59:13+00:00","description":"Dipl\u00f4m\u00e9 d'un master en informatique et marketing, je suis d\u00e9veloppeur front-end et UI\/UX designer \u00e0 Brest (France). Je suis disponible en France et l'\u00e9tranger pour concevoir vos sites internet.","breadcrumb":{"@id":"https:\/\/www.benjaminsimier.com\/en\/contact\/#breadcrumb"},"inLanguage":"en-US","potentialAction":[{"@type":"ReadAction","target":["https:\/\/www.benjaminsimier.com\/en\/contact\/"]}]},{"@type":"BreadcrumbList","@id":"https:\/\/www.benjaminsimier.com\/en\/contact\/#breadcrumb","itemListElement":[{"@type":"ListItem","position":1,"name":"Accueil","item":"https:\/\/www.benjaminsimier.com\/en\/home\/"},{"@type":"ListItem","position":2,"name":"Contact"}]},{"@type":"WebSite","@id":"https:\/\/www.benjaminsimier.com\/#website","url":"https:\/\/www.benjaminsimier.com\/","name":"Benjamin Simier","description":"UI\/UX designer &amp; d\u00e9veloppeur front-end","publisher":{"@id":"https:\/\/www.benjaminsimier.com\/#\/schema\/person\/b4ace0b846b0758fc397e877fc2bb086"},"potentialAction":[{"@type":"SearchAction","target":{"@type":"EntryPoint","urlTemplate":"https:\/\/www.benjaminsimier.com\/?s={search_term_string}"},"query-input":"required name=search_term_string"}],"inLanguage":"en-US"},{"@type":["Person","Organization"],"@id":"https:\/\/www.benjaminsimier.com\/#\/schema\/person\/b4ace0b846b0758fc397e877fc2bb086","name":"Benjamin Simier","image":{"@type":"ImageObject","inLanguage":"en-US","@id":"https:\/\/www.benjaminsimier.com\/#\/schema\/person\/image\/","url":"https:\/\/www.benjaminsimier.com\/wp-content\/uploads\/2022\/05\/Perso_4.jpeg","contentUrl":"https:\/\/www.benjaminsimier.com\/wp-content\/uploads\/2022\/05\/Perso_4.jpeg","width":872,"height":1200,"caption":"Benjamin Simier"},"logo":{"@id":"https:\/\/www.benjaminsimier.com\/#\/schema\/person\/image\/"},"sameAs":["https:\/\/www.facebook.com\/BSimierWeb","https:\/\/www.instagram.com\/benjamin_simier\/","https:\/\/www.linkedin.com\/in\/benjaminsimier\/"]}]}},"_links":{"self":[{"href":"https:\/\/www.benjaminsimier.com\/en\/wp-json\/wp\/v2\/pages\/97"}],"collection":[{"href":"https:\/\/www.benjaminsimier.com\/en\/wp-json\/wp\/v2\/pages"}],"about":[{"href":"https:\/\/www.benjaminsimier.com\/en\/wp-json\/wp\/v2\/types\/page"}],"author":[{"embeddable":true,"href":"https:\/\/www.benjaminsimier.com\/en\/wp-json\/wp\/v2\/users\/1"}],"replies":[{"embeddable":true,"href":"https:\/\/www.benjaminsimier.com\/en\/wp-json\/wp\/v2\/comments?post=97"}],"version-history":[{"count":4,"href":"https:\/\/www.benjaminsimier.com\/en\/wp-json\/wp\/v2\/pages\/97\/revisions"}],"predecessor-version":[{"id":105,"href":"https:\/\/www.benjaminsimier.com\/en\/wp-json\/wp\/v2\/pages\/97\/revisions\/105"}],"wp:attachment":[{"href":"https:\/\/www.benjaminsimier.com\/en\/wp-json\/wp\/v2\/media?parent=97"}],"curies":[{"name":"wp","href":"https:\/\/api.w.org\/{rel}","templated":true}]}}